{"id":2,"date":"2021-09-03T11:36:34","date_gmt":"2021-09-03T09:36:34","guid":{"rendered":"http:\/\/www.elegantvtc-paysbasque.fr\/?page_id=2"},"modified":"2023-03-23T11:04:40","modified_gmt":"2023-03-23T10:04:40","slug":"page-d-exemple","status":"publish","type":"page","link":"https:\/\/www.elegantvtc-paysbasque.fr\/","title":{"rendered":"Accueil"},"content":{"rendered":"\n<figure class=\"wp-block-image size-large\"><img loading=\"lazy\" decoding=\"async\" width=\"1024\" height=\"768\" src=\"https:\/\/www.elegantvtc-paysbasque.fr\/wp-content\/uploads\/2023\/03\/IMG_6502-1024x768.jpg\" alt=\"Fr\u00e9d\u00e9ric Fouquet - El\u00e9gant VTC - chauffeur VTC\" class=\"wp-image-211\" srcset=\"https:\/\/www.elegantvtc-paysbasque.fr\/wp-content\/uploads\/2023\/03\/IMG_6502-1024x768.jpg 1024w, https:\/\/www.elegantvtc-paysbasque.fr\/wp-content\/uploads\/2023\/03\/IMG_6502-300x225.jpg 300w, https:\/\/www.elegantvtc-paysbasque.fr\/wp-content\/uploads\/2023\/03\/IMG_6502-768x576.jpg 768w, https:\/\/www.elegantvtc-paysbasque.fr\/wp-content\/uploads\/2023\/03\/IMG_6502-1536x1152.jpg 1536w, https:\/\/www.elegantvtc-paysbasque.fr\/wp-content\/uploads\/2023\/03\/IMG_6502-2048x1536.jpg 2048w\" sizes=\"(max-width: 1024px) 100vw, 1024px\" \/><\/figure>\n\n\n\n<div style=\"height:19px\" aria-hidden=\"true\" class=\"wp-block-spacer\"><\/div>\n\n\n\n<p>Je suis un <strong>chauffeur agr\u00e9able<\/strong> et ne parle que si on me le demande, en anglais ou en espagnol \u00e9galement. Que ce soit pour vous d\u00e9placer sur une <strong>courte ou une longue distance<\/strong>, en France ou \u00e0 l&rsquo;\u00e9tranger, je saurai vous faire d\u00e9couvrir les r\u00e9gions travers\u00e9es.<br>Discret et \u00e9l\u00e9gant, mon seul but est de rendre votre trajet le plus agr\u00e9able possible. Qu&rsquo;il soit pour le loisir ou lors d&rsquo;un voyage d&rsquo;affaires, mes v\u00e9hicules disposent de <strong>grands coffres et de cintres adapt\u00e9s<\/strong> \u00e0 vos costumes et chemises.<\/p>\n\n\n\n<div style=\"height:31px\" aria-hidden=\"true\" class=\"wp-block-spacer\"><\/div>\n\n\n\n<p><\/p>\n","protected":false},"excerpt":{"rendered":"<p>Je suis un chauffeur agr\u00e9able et ne parle que si on me le demande, en anglais ou en espagnol \u00e9galement. Que ce soit pour vous d\u00e9placer sur une courte ou &#8230;<\/p>\n","protected":false},"author":1,"featured_media":0,"parent":0,"menu_order":0,"comment_status":"closed","ping_status":"open","template":"template-frontpage.php","meta":{"footnotes":""},"yoast_head":"<!-- This site is optimized with the Yoast SEO plugin v24.5 - https:\/\/yoast.com\/wordpress\/plugins\/seo\/ -->\n<title>\u00c9l\u00e9gant V.T.C. Pays Basque, chauffeur \u00e0 votre \u00e9coute<\/title>\n<meta name=\"description\" content=\"Chauffeur VTC \u00e0 votre \u00e9coute au Pays Basque et dans les Landes pour vos trajets du quotidien, professionnels ou touristiques\" \/>\n<meta name=\"robots\" content=\"index, follow, max-snippet:-1, max-image-preview:large, max-video-preview:-1\" \/>\n<link rel=\"canonical\" href=\"https:\/\/www.elegantvtc-paysbasque.fr\/\" \/>\n<meta property=\"og:locale\" content=\"fr_FR\" \/>\n<meta property=\"og:type\" content=\"article\" \/>\n<meta property=\"og:title\" content=\"\u00c9l\u00e9gant V.T.C. Pays Basque, chauffeur \u00e0 votre \u00e9coute\" \/>\n<meta property=\"og:description\" content=\"Chauffeur VTC \u00e0 votre \u00e9coute au Pays Basque et dans les Landes pour vos trajets du quotidien, professionnels ou touristiques\" \/>\n<meta property=\"og:url\" content=\"https:\/\/www.elegantvtc-paysbasque.fr\/\" \/>\n<meta property=\"og:site_name\" content=\"\u00c9l\u00e9gant V.T.C. Pays Basque\" \/>\n<meta property=\"article:modified_time\" content=\"2023-03-23T10:04:40+00:00\" \/>\n<meta property=\"og:image\" content=\"https:\/\/www.elegantvtc-paysbasque.fr\/wp-content\/uploads\/2023\/03\/IMG_6502-1024x768.jpg\" \/>\n<meta name=\"twitter:card\" content=\"summary_large_image\" \/>\n<meta name=\"twitter:label1\" content=\"Dur\u00e9e de lecture estim\u00e9e\" \/>\n\t<meta name=\"twitter:data1\" content=\"1 minute\" \/>\n<script type=\"application\/ld+json\" class=\"yoast-schema-graph\">{\"@context\":\"https:\/\/schema.org\",\"@graph\":[{\"@type\":\"WebPage\",\"@id\":\"https:\/\/www.elegantvtc-paysbasque.fr\/\",\"url\":\"https:\/\/www.elegantvtc-paysbasque.fr\/\",\"name\":\"\u00c9l\u00e9gant V.T.C. Pays Basque, chauffeur \u00e0 votre \u00e9coute\",\"isPartOf\":{\"@id\":\"https:\/\/www.elegantvtc-paysbasque.fr\/#website\"},\"primaryImageOfPage\":{\"@id\":\"https:\/\/www.elegantvtc-paysbasque.fr\/#primaryimage\"},\"image\":{\"@id\":\"https:\/\/www.elegantvtc-paysbasque.fr\/#primaryimage\"},\"thumbnailUrl\":\"https:\/\/www.elegantvtc-paysbasque.fr\/wp-content\/uploads\/2023\/03\/IMG_6502-1024x768.jpg\",\"datePublished\":\"2021-09-03T09:36:34+00:00\",\"dateModified\":\"2023-03-23T10:04:40+00:00\",\"description\":\"Chauffeur VTC \u00e0 votre \u00e9coute au Pays Basque et dans les Landes pour vos trajets du quotidien, professionnels ou touristiques\",\"breadcrumb\":{\"@id\":\"https:\/\/www.elegantvtc-paysbasque.fr\/#breadcrumb\"},\"inLanguage\":\"fr-FR\",\"potentialAction\":[{\"@type\":\"ReadAction\",\"target\":[\"https:\/\/www.elegantvtc-paysbasque.fr\/\"]}]},{\"@type\":\"ImageObject\",\"inLanguage\":\"fr-FR\",\"@id\":\"https:\/\/www.elegantvtc-paysbasque.fr\/#primaryimage\",\"url\":\"https:\/\/www.elegantvtc-paysbasque.fr\/wp-content\/uploads\/2023\/03\/IMG_6502-scaled.jpg\",\"contentUrl\":\"https:\/\/www.elegantvtc-paysbasque.fr\/wp-content\/uploads\/2023\/03\/IMG_6502-scaled.jpg\",\"width\":2560,\"height\":1920},{\"@type\":\"BreadcrumbList\",\"@id\":\"https:\/\/www.elegantvtc-paysbasque.fr\/#breadcrumb\",\"itemListElement\":[{\"@type\":\"ListItem\",\"position\":1,\"name\":\"Accueil\",\"item\":\"https:\/\/www.elegantvtc-paysbasque.fr\/\"},{\"@type\":\"ListItem\",\"position\":2,\"name\":\"Accueil\"}]},{\"@type\":\"WebSite\",\"@id\":\"https:\/\/www.elegantvtc-paysbasque.fr\/#website\",\"url\":\"https:\/\/www.elegantvtc-paysbasque.fr\/\",\"name\":\"\u00c9l\u00e9gant V.T.C. Pays Basque\",\"description\":\"Voiture avec chauffeur au Pays Basque\",\"potentialAction\":[{\"@type\":\"SearchAction\",\"target\":{\"@type\":\"EntryPoint\",\"urlTemplate\":\"https:\/\/www.elegantvtc-paysbasque.fr\/?s={search_term_string}\"},\"query-input\":{\"@type\":\"PropertyValueSpecification\",\"valueRequired\":true,\"valueName\":\"search_term_string\"}}],\"inLanguage\":\"fr-FR\"}]}<\/script>\n<!-- \/ Yoast SEO plugin. -->","yoast_head_json":{"title":"\u00c9l\u00e9gant V.T.C. Pays Basque, chauffeur \u00e0 votre \u00e9coute","description":"Chauffeur VTC \u00e0 votre \u00e9coute au Pays Basque et dans les Landes pour vos trajets du quotidien, professionnels ou touristiques","robots":{"index":"index","follow":"follow","max-snippet":"max-snippet:-1","max-image-preview":"max-image-preview:large","max-video-preview":"max-video-preview:-1"},"canonical":"https:\/\/www.elegantvtc-paysbasque.fr\/","og_locale":"fr_FR","og_type":"article","og_title":"\u00c9l\u00e9gant V.T.C. Pays Basque, chauffeur \u00e0 votre \u00e9coute","og_description":"Chauffeur VTC \u00e0 votre \u00e9coute au Pays Basque et dans les Landes pour vos trajets du quotidien, professionnels ou touristiques","og_url":"https:\/\/www.elegantvtc-paysbasque.fr\/","og_site_name":"\u00c9l\u00e9gant V.T.C. Pays Basque","article_modified_time":"2023-03-23T10:04:40+00:00","og_image":[{"url":"https:\/\/www.elegantvtc-paysbasque.fr\/wp-content\/uploads\/2023\/03\/IMG_6502-1024x768.jpg","type":"","width":"","height":""}],"twitter_card":"summary_large_image","twitter_misc":{"Dur\u00e9e de lecture estim\u00e9e":"1 minute"},"schema":{"@context":"https:\/\/schema.org","@graph":[{"@type":"WebPage","@id":"https:\/\/www.elegantvtc-paysbasque.fr\/","url":"https:\/\/www.elegantvtc-paysbasque.fr\/","name":"\u00c9l\u00e9gant V.T.C. Pays Basque, chauffeur \u00e0 votre \u00e9coute","isPartOf":{"@id":"https:\/\/www.elegantvtc-paysbasque.fr\/#website"},"primaryImageOfPage":{"@id":"https:\/\/www.elegantvtc-paysbasque.fr\/#primaryimage"},"image":{"@id":"https:\/\/www.elegantvtc-paysbasque.fr\/#primaryimage"},"thumbnailUrl":"https:\/\/www.elegantvtc-paysbasque.fr\/wp-content\/uploads\/2023\/03\/IMG_6502-1024x768.jpg","datePublished":"2021-09-03T09:36:34+00:00","dateModified":"2023-03-23T10:04:40+00:00","description":"Chauffeur VTC \u00e0 votre \u00e9coute au Pays Basque et dans les Landes pour vos trajets du quotidien, professionnels ou touristiques","breadcrumb":{"@id":"https:\/\/www.elegantvtc-paysbasque.fr\/#breadcrumb"},"inLanguage":"fr-FR","potentialAction":[{"@type":"ReadAction","target":["https:\/\/www.elegantvtc-paysbasque.fr\/"]}]},{"@type":"ImageObject","inLanguage":"fr-FR","@id":"https:\/\/www.elegantvtc-paysbasque.fr\/#primaryimage","url":"https:\/\/www.elegantvtc-paysbasque.fr\/wp-content\/uploads\/2023\/03\/IMG_6502-scaled.jpg","contentUrl":"https:\/\/www.elegantvtc-paysbasque.fr\/wp-content\/uploads\/2023\/03\/IMG_6502-scaled.jpg","width":2560,"height":1920},{"@type":"BreadcrumbList","@id":"https:\/\/www.elegantvtc-paysbasque.fr\/#breadcrumb","itemListElement":[{"@type":"ListItem","position":1,"name":"Accueil","item":"https:\/\/www.elegantvtc-paysbasque.fr\/"},{"@type":"ListItem","position":2,"name":"Accueil"}]},{"@type":"WebSite","@id":"https:\/\/www.elegantvtc-paysbasque.fr\/#website","url":"https:\/\/www.elegantvtc-paysbasque.fr\/","name":"\u00c9l\u00e9gant V.T.C. Pays Basque","description":"Voiture avec chauffeur au Pays Basque","potentialAction":[{"@type":"SearchAction","target":{"@type":"EntryPoint","urlTemplate":"https:\/\/www.elegantvtc-paysbasque.fr\/?s={search_term_string}"},"query-input":{"@type":"PropertyValueSpecification","valueRequired":true,"valueName":"search_term_string"}}],"inLanguage":"fr-FR"}]}},"_links":{"self":[{"href":"https:\/\/www.elegantvtc-paysbasque.fr\/index.php\/wp-json\/wp\/v2\/pages\/2"}],"collection":[{"href":"https:\/\/www.elegantvtc-paysbasque.fr\/index.php\/wp-json\/wp\/v2\/pages"}],"about":[{"href":"https:\/\/www.elegantvtc-paysbasque.fr\/index.php\/wp-json\/wp\/v2\/types\/page"}],"author":[{"embeddable":true,"href":"https:\/\/www.elegantvtc-paysbasque.fr\/index.php\/wp-json\/wp\/v2\/users\/1"}],"replies":[{"embeddable":true,"href":"https:\/\/www.elegantvtc-paysbasque.fr\/index.php\/wp-json\/wp\/v2\/comments?post=2"}],"version-history":[{"count":25,"href":"https:\/\/www.elegantvtc-paysbasque.fr\/index.php\/wp-json\/wp\/v2\/pages\/2\/revisions"}],"predecessor-version":[{"id":215,"href":"https:\/\/www.elegantvtc-paysbasque.fr\/index.php\/wp-json\/wp\/v2\/pages\/2\/revisions\/215"}],"wp:attachment":[{"href":"https:\/\/www.elegantvtc-paysbasque.fr\/index.php\/wp-json\/wp\/v2\/media?parent=2"}],"curies":[{"name":"wp","href":"https:\/\/api.w.org\/{rel}","templated":true}]}}